{"id":24405,"date":"2023-08-14T13:36:01","date_gmt":"2023-08-14T13:36:01","guid":{"rendered":"https:\/\/halloweenboss.com\/index.php\/product\/halloween-carnival-role-play-caribbean-sexy-female-pirate-costume-medieval-gothicfancy-dress-s-3xl-european-american-plus-size\/"},"modified":"2023-08-29T16:40:13","modified_gmt":"2023-08-29T16:40:13","slug":"halloween-carnival-role-play-caribbean-sexy-female-pirate-costume-medieval-gothicfancy-dress-s-3xl-european-american-plus-size","status":"publish","type":"product","link":"https:\/\/halloweenboss.com\/index.php\/product\/halloween-carnival-role-play-caribbean-sexy-female-pirate-costume-medieval-gothicfancy-dress-s-3xl-european-american-plus-size\/","title":{"rendered":"Halloween Carnival Role Play Caribbean Sexy Female Pirate Costume Medieval GothicFancy Dress S-3XL European American Plus Size"},"content":{"rendered":"<div class=\"detailmodule_text\">\n<p class=\"detail-desc-decorate-title\" style=\"font-family: OpenSans; font-size: 20px; font-weight: 900; line-height: 28px; white-space: pre-wrap; color: #000000; margin-bottom: 12px;\"><img decoding=\"async\" class=\"detail-desc-decorate-image\" style=\"color: #333333; font-family: Georgia, 'Times New Roman', 'Bitstream Charter', Times, serif; font-size: 16px;\" src=\"https:\/\/ae01.alicdn.com\/kf\/S23e05b7555e94dc59888d576fa5f0686n.jpg\" \/><img decoding=\"async\" class=\"detail-desc-decorate-image\" style=\"color: #333333; font-family: Georgia, 'Times New Roman', 'Bitstream Charter', Times, serif; font-size: 16px;\" src=\"https:\/\/ae01.alicdn.com\/kf\/Sd4dd30300eaa46b2a8db795abb0d02e1e.jpg\" \/><img decoding=\"async\" class=\"detail-desc-decorate-image\" style=\"color: #333333; font-family: Georgia, 'Times New Roman', 'Bitstream Charter', Times, serif; font-size: 16px;\" src=\"https:\/\/ae01.alicdn.com\/kf\/S85c6f13f066146db88baac11e1dd4fa2K.jpg\" \/><img decoding=\"async\" class=\"detail-desc-decorate-image\" style=\"color: #333333; font-family: Georgia, 'Times New Roman', 'Bitstream Charter', Times, serif; font-size: 16px;\" src=\"https:\/\/ae01.alicdn.com\/kf\/S7e9a2e6baf704d9986bcfcebaf170c67C.jpg\" \/><img decoding=\"async\" class=\"detail-desc-decorate-image\" style=\"color: #333333; font-family: Georgia, 'Times New Roman', 'Bitstream Charter', Times, serif; font-size: 16px;\" src=\"https:\/\/ae01.alicdn.com\/kf\/S0103544487764560a46b3c7554f29a54R.jpg\" \/><img decoding=\"async\" class=\"detail-desc-decorate-image\" style=\"color: #333333; font-family: Georgia, 'Times New Roman', 'Bitstream Charter', Times, serif; font-size: 16px;\" src=\"https:\/\/ae01.alicdn.com\/kf\/Sd56385baea9647198f87b95d6279ecc2F.jpg\" \/><img decoding=\"async\" class=\"detail-desc-decorate-image\" style=\"color: #333333; font-family: Georgia, 'Times New Roman', 'Bitstream Charter', Times, serif; font-size: 16px;\" src=\"https:\/\/ae01.alicdn.com\/kf\/S0a9a9404925b457b93532e66cf1cdd3dq.jpg\" \/><img decoding=\"async\" class=\"detail-desc-decorate-image\" style=\"color: #333333; font-family: Georgia, 'Times New Roman', 'Bitstream Charter', Times, serif; font-size: 16px;\" src=\"https:\/\/ae01.alicdn.com\/kf\/S77c8351a903c4eacbdb5c276974958b7Y.jpg\" \/><img decoding=\"async\" class=\"detail-desc-decorate-image\" style=\"color: #333333; font-family: Georgia, 'Times New Roman', 'Bitstream Charter', Times, serif; font-size: 16px;\" src=\"https:\/\/ae01.alicdn.com\/kf\/Sd101b9bf06d749f78f71514aa49c6aa59.jpg\" \/><\/p>\n<\/div>\n<div class=\"detailmodule_text\">\n<p style=\"color: #ffffff;\">cosplay,anime,demon slayer,spiderman,cosplay anime,halloween costume,genshin impact,\ucf54\uc2a4\ud504\ub808,disfraz halloween para mujer,halloween costume for women,disfraz,Costume,fantasias femininas adultas,adult female costumes,lolita,genshin impact cosplay,anime k\u0131z\u0131 g\u00f6t\u00fc,anime girl,anime cosplay,cyberpunk,halloween costumes for women,honkai star rail,\u043a\u043e\u0441\u043f\u043b\u0435\u0439,halloween,\ucf54\uc2a4\ud504\ub808 \uc131\uc778 \uc5ec\uc131,Cosplay adult women,disfraces genshin impact,genshin impact costume,costume,cosplay mujer,Woman cosplay,zelda,spiderman costume,disfraz mujer,Woman costume,attack on titan,miraculous ladybug,disfraz halloween,Halloween costume,oween,disfraz ni\u00f1o,Kid costume,disfraces,Costumes,valorant,disfraz mujer adulta,Adult woman disguise,jujutsu kaisen,fantasia,project sekai,disfraz ni\u00f1a,Girl costume,barbie clothes for women,slam dunk,halloween costume for kids,blue lock,genshin cosplay,bungo stray dogs,maid,cosplay hombre,Men&#8217;s cosplay,naruto,saia,Skirt,disfraces hombre,Men costumes,miku cosplay,<\/p>\n<\/div>\n","protected":false},"excerpt":{"rendered":"<p>cosplay,anime,demon slayer,spiderman,cosplay anime,halloween costume,genshin impact,\ucf54\uc2a4\ud504\ub808,disfraz halloween para mujer,halloween costume for women,disfraz,Costume,fantasias femininas adultas,adult female costumes,lolita,genshin impact cosplay,anime k\u0131z\u0131 g\u00f6t\u00fc,anime girl,anime cosplay,cyberpunk,halloween costumes for women,honkai star rail,\u043a\u043e\u0441\u043f\u043b\u0435\u0439,halloween,\ucf54\uc2a4\ud504\ub808 \uc131\uc778 \uc5ec\uc131,Cosplay adult women,disfraces genshin impact,genshin impact costume,costume,cosplay mujer,Woman cosplay,zelda,spiderman costume,disfraz mujer,Woman costume,attack on titan,miraculous ladybug,disfraz halloween,Halloween costume,oween,disfraz ni\u00f1o,Kid costume,disfraces,Costumes,valorant,disfraz mujer adulta,Adult woman disguise,jujutsu kaisen,fantasia,project sekai,disfraz ni\u00f1a,Girl costume,barbie clothes [&hellip;]<\/p>\n","protected":false},"featured_media":24406,"comment_status":"open","ping_status":"closed","template":"","meta":{"om_disable_all_campaigns":false,"_monsterinsights_skip_tracking":false,"_monsterinsights_sitenote_active":false,"_monsterinsights_sitenote_note":"","_monsterinsights_sitenote_category":0,"_uf_show_specific_survey":0,"_uf_disable_surveys":false},"product_cat":[15],"product_tag":[291],"class_list":{"0":"post-24405","1":"product","2":"type-product","3":"status-publish","4":"has-post-thumbnail","6":"product_cat-womens-costumes","7":"product_tag-womens-costumes","10":"first","11":"instock","12":"featured","13":"taxable","14":"shipping-taxable","15":"purchasable","16":"product-type-variable"},"yoast_head":"<!-- This site is optimized with the Yoast SEO plugin v27.4 - https:\/\/yoast.com\/product\/yoast-seo-wordpress\/ -->\n<title>Halloween Carnival Role Play Caribbean Sexy Female Pirate Costume Medieval GothicFancy Dress S-3XL European American Plus Size - Halloween Boss<\/title>\n<meta name=\"robots\" content=\"index, follow, max-snippet:-1, max-image-preview:large, max-video-preview:-1\" \/>\n<link rel=\"canonical\" href=\"https:\/\/halloweenboss.com\/index.php\/product\/halloween-carnival-role-play-caribbean-sexy-female-pirate-costume-medieval-gothicfancy-dress-s-3xl-european-american-plus-size\/\" \/>\n<meta property=\"og:locale\" content=\"en_US\" \/>\n<meta property=\"og:type\" content=\"article\" \/>\n<meta property=\"og:title\" content=\"Halloween Carnival Role Play Caribbean Sexy Female Pirate Costume Medieval GothicFancy Dress S-3XL European American Plus Size - Halloween Boss\" \/>\n<meta property=\"og:description\" content=\"cosplay,anime,demon slayer,spiderman,cosplay anime,halloween costume,genshin impact,\ucf54\uc2a4\ud504\ub808,disfraz halloween para mujer,halloween costume for women,disfraz,Costume,fantasias femininas adultas,adult female costumes,lolita,genshin impact cosplay,anime k\u0131z\u0131 g\u00f6t\u00fc,anime girl,anime cosplay,cyberpunk,halloween costumes for women,honkai star rail,\u043a\u043e\u0441\u043f\u043b\u0435\u0439,halloween,\ucf54\uc2a4\ud504\ub808 \uc131\uc778 \uc5ec\uc131,Cosplay adult women,disfraces genshin impact,genshin impact costume,costume,cosplay mujer,Woman cosplay,zelda,spiderman costume,disfraz mujer,Woman costume,attack on titan,miraculous ladybug,disfraz halloween,Halloween costume,oween,disfraz ni\u00f1o,Kid costume,disfraces,Costumes,valorant,disfraz mujer adulta,Adult woman disguise,jujutsu kaisen,fantasia,project sekai,disfraz ni\u00f1a,Girl costume,barbie clothes [&hellip;]\" \/>\n<meta property=\"og:url\" content=\"https:\/\/halloweenboss.com\/index.php\/product\/halloween-carnival-role-play-caribbean-sexy-female-pirate-costume-medieval-gothicfancy-dress-s-3xl-european-american-plus-size\/\" \/>\n<meta property=\"og:site_name\" content=\"Halloween Boss\" \/>\n<meta property=\"article:publisher\" content=\"https:\/\/www.facebook.com\/profile.php?id=100095342684045\" \/>\n<meta property=\"article:modified_time\" content=\"2023-08-29T16:40:13+00:00\" \/>\n<meta property=\"og:image\" content=\"https:\/\/ae01.alicdn.com\/kf\/S48a114ca8e084b50a7da5ba17c2c4272T\/Halloween-Carnival-Role-Play-Caribbean-Sexy-Female-Pirate-Costume-Medieval-GothicFancy-Dress-S-3XL-European-American.jpg\" \/>\n\t<meta property=\"og:image:width\" content=\"800\" \/>\n\t<meta property=\"og:image:height\" content=\"800\" \/>\n\t<meta property=\"og:image:type\" content=\"image\/jpeg\" \/>\n<meta name=\"twitter:card\" content=\"summary_large_image\" \/>\n<meta name=\"twitter:label1\" content=\"Est. reading time\" \/>\n\t<meta name=\"twitter:data1\" content=\"3 minutes\" \/>\n<script type=\"application\/ld+json\" class=\"yoast-schema-graph\">{\"@context\":\"https:\\\/\\\/schema.org\",\"@graph\":[{\"@type\":\"WebPage\",\"@id\":\"https:\\\/\\\/halloweenboss.com\\\/index.php\\\/product\\\/halloween-carnival-role-play-caribbean-sexy-female-pirate-costume-medieval-gothicfancy-dress-s-3xl-european-american-plus-size\\\/\",\"url\":\"https:\\\/\\\/halloweenboss.com\\\/index.php\\\/product\\\/halloween-carnival-role-play-caribbean-sexy-female-pirate-costume-medieval-gothicfancy-dress-s-3xl-european-american-plus-size\\\/\",\"name\":\"Halloween Carnival Role Play Caribbean Sexy Female Pirate Costume Medieval GothicFancy Dress S-3XL European American Plus Size - Halloween Boss\",\"isPartOf\":{\"@id\":\"https:\\\/\\\/halloweenboss.com\\\/#website\"},\"primaryImageOfPage\":{\"@id\":\"https:\\\/\\\/halloweenboss.com\\\/index.php\\\/product\\\/halloween-carnival-role-play-caribbean-sexy-female-pirate-costume-medieval-gothicfancy-dress-s-3xl-european-american-plus-size\\\/#primaryimage\"},\"image\":{\"@id\":\"https:\\\/\\\/halloweenboss.com\\\/index.php\\\/product\\\/halloween-carnival-role-play-caribbean-sexy-female-pirate-costume-medieval-gothicfancy-dress-s-3xl-european-american-plus-size\\\/#primaryimage\"},\"thumbnailUrl\":\"https:\\\/\\\/ae01.alicdn.com\\\/kf\\\/S48a114ca8e084b50a7da5ba17c2c4272T\\\/Halloween-Carnival-Role-Play-Caribbean-Sexy-Female-Pirate-Costume-Medieval-GothicFancy-Dress-S-3XL-European-American.jpg\",\"datePublished\":\"2023-08-14T13:36:01+00:00\",\"dateModified\":\"2023-08-29T16:40:13+00:00\",\"breadcrumb\":{\"@id\":\"https:\\\/\\\/halloweenboss.com\\\/index.php\\\/product\\\/halloween-carnival-role-play-caribbean-sexy-female-pirate-costume-medieval-gothicfancy-dress-s-3xl-european-american-plus-size\\\/#breadcrumb\"},\"inLanguage\":\"en-US\",\"potentialAction\":[{\"@type\":\"ReadAction\",\"target\":[\"https:\\\/\\\/halloweenboss.com\\\/index.php\\\/product\\\/halloween-carnival-role-play-caribbean-sexy-female-pirate-costume-medieval-gothicfancy-dress-s-3xl-european-american-plus-size\\\/\"]}]},{\"@type\":\"ImageObject\",\"inLanguage\":\"en-US\",\"@id\":\"https:\\\/\\\/halloweenboss.com\\\/index.php\\\/product\\\/halloween-carnival-role-play-caribbean-sexy-female-pirate-costume-medieval-gothicfancy-dress-s-3xl-european-american-plus-size\\\/#primaryimage\",\"url\":\"https:\\\/\\\/ae01.alicdn.com\\\/kf\\\/S48a114ca8e084b50a7da5ba17c2c4272T\\\/Halloween-Carnival-Role-Play-Caribbean-Sexy-Female-Pirate-Costume-Medieval-GothicFancy-Dress-S-3XL-European-American.jpg\",\"contentUrl\":\"https:\\\/\\\/ae01.alicdn.com\\\/kf\\\/S48a114ca8e084b50a7da5ba17c2c4272T\\\/Halloween-Carnival-Role-Play-Caribbean-Sexy-Female-Pirate-Costume-Medieval-GothicFancy-Dress-S-3XL-European-American.jpg\",\"width\":800,\"height\":800},{\"@type\":\"BreadcrumbList\",\"@id\":\"https:\\\/\\\/halloweenboss.com\\\/index.php\\\/product\\\/halloween-carnival-role-play-caribbean-sexy-female-pirate-costume-medieval-gothicfancy-dress-s-3xl-european-american-plus-size\\\/#breadcrumb\",\"itemListElement\":[{\"@type\":\"ListItem\",\"position\":1,\"name\":\"Home\",\"item\":\"https:\\\/\\\/halloweenboss.com\\\/\"},{\"@type\":\"ListItem\",\"position\":2,\"name\":\"Shop\",\"item\":\"https:\\\/\\\/halloweenboss.com\\\/index.php\\\/shop\\\/\"},{\"@type\":\"ListItem\",\"position\":3,\"name\":\"Halloween Carnival Role Play Caribbean Sexy Female Pirate Costume Medieval GothicFancy Dress S-3XL European American Plus Size\"}]},{\"@type\":\"WebSite\",\"@id\":\"https:\\\/\\\/halloweenboss.com\\\/#website\",\"url\":\"https:\\\/\\\/halloweenboss.com\\\/\",\"name\":\"Halloween Boss\",\"description\":\"\",\"potentialAction\":[{\"@type\":\"SearchAction\",\"target\":{\"@type\":\"EntryPoint\",\"urlTemplate\":\"https:\\\/\\\/halloweenboss.com\\\/?s={search_term_string}\"},\"query-input\":{\"@type\":\"PropertyValueSpecification\",\"valueRequired\":true,\"valueName\":\"search_term_string\"}}],\"inLanguage\":\"en-US\"}]}<\/script>\n<!-- \/ Yoast SEO plugin. -->","yoast_head_json":{"title":"Halloween Carnival Role Play Caribbean Sexy Female Pirate Costume Medieval GothicFancy Dress S-3XL European American Plus Size - Halloween Boss","robots":{"index":"index","follow":"follow","max-snippet":"max-snippet:-1","max-image-preview":"max-image-preview:large","max-video-preview":"max-video-preview:-1"},"canonical":"https:\/\/halloweenboss.com\/index.php\/product\/halloween-carnival-role-play-caribbean-sexy-female-pirate-costume-medieval-gothicfancy-dress-s-3xl-european-american-plus-size\/","og_locale":"en_US","og_type":"article","og_title":"Halloween Carnival Role Play Caribbean Sexy Female Pirate Costume Medieval GothicFancy Dress S-3XL European American Plus Size - Halloween Boss","og_description":"cosplay,anime,demon slayer,spiderman,cosplay anime,halloween costume,genshin impact,\ucf54\uc2a4\ud504\ub808,disfraz halloween para mujer,halloween costume for women,disfraz,Costume,fantasias femininas adultas,adult female costumes,lolita,genshin impact cosplay,anime k\u0131z\u0131 g\u00f6t\u00fc,anime girl,anime cosplay,cyberpunk,halloween costumes for women,honkai star rail,\u043a\u043e\u0441\u043f\u043b\u0435\u0439,halloween,\ucf54\uc2a4\ud504\ub808 \uc131\uc778 \uc5ec\uc131,Cosplay adult women,disfraces genshin impact,genshin impact costume,costume,cosplay mujer,Woman cosplay,zelda,spiderman costume,disfraz mujer,Woman costume,attack on titan,miraculous ladybug,disfraz halloween,Halloween costume,oween,disfraz ni\u00f1o,Kid costume,disfraces,Costumes,valorant,disfraz mujer adulta,Adult woman disguise,jujutsu kaisen,fantasia,project sekai,disfraz ni\u00f1a,Girl costume,barbie clothes [&hellip;]","og_url":"https:\/\/halloweenboss.com\/index.php\/product\/halloween-carnival-role-play-caribbean-sexy-female-pirate-costume-medieval-gothicfancy-dress-s-3xl-european-american-plus-size\/","og_site_name":"Halloween Boss","article_publisher":"https:\/\/www.facebook.com\/profile.php?id=100095342684045","article_modified_time":"2023-08-29T16:40:13+00:00","og_image":[{"width":800,"height":800,"url":"https:\/\/ae01.alicdn.com\/kf\/S48a114ca8e084b50a7da5ba17c2c4272T\/Halloween-Carnival-Role-Play-Caribbean-Sexy-Female-Pirate-Costume-Medieval-GothicFancy-Dress-S-3XL-European-American.jpg","type":"image\/jpeg"}],"twitter_card":"summary_large_image","twitter_misc":{"Est. reading time":"3 minutes"},"schema":{"@context":"https:\/\/schema.org","@graph":[{"@type":"WebPage","@id":"https:\/\/halloweenboss.com\/index.php\/product\/halloween-carnival-role-play-caribbean-sexy-female-pirate-costume-medieval-gothicfancy-dress-s-3xl-european-american-plus-size\/","url":"https:\/\/halloweenboss.com\/index.php\/product\/halloween-carnival-role-play-caribbean-sexy-female-pirate-costume-medieval-gothicfancy-dress-s-3xl-european-american-plus-size\/","name":"Halloween Carnival Role Play Caribbean Sexy Female Pirate Costume Medieval GothicFancy Dress S-3XL European American Plus Size - Halloween Boss","isPartOf":{"@id":"https:\/\/halloweenboss.com\/#website"},"primaryImageOfPage":{"@id":"https:\/\/halloweenboss.com\/index.php\/product\/halloween-carnival-role-play-caribbean-sexy-female-pirate-costume-medieval-gothicfancy-dress-s-3xl-european-american-plus-size\/#primaryimage"},"image":{"@id":"https:\/\/halloweenboss.com\/index.php\/product\/halloween-carnival-role-play-caribbean-sexy-female-pirate-costume-medieval-gothicfancy-dress-s-3xl-european-american-plus-size\/#primaryimage"},"thumbnailUrl":"https:\/\/ae01.alicdn.com\/kf\/S48a114ca8e084b50a7da5ba17c2c4272T\/Halloween-Carnival-Role-Play-Caribbean-Sexy-Female-Pirate-Costume-Medieval-GothicFancy-Dress-S-3XL-European-American.jpg","datePublished":"2023-08-14T13:36:01+00:00","dateModified":"2023-08-29T16:40:13+00:00","breadcrumb":{"@id":"https:\/\/halloweenboss.com\/index.php\/product\/halloween-carnival-role-play-caribbean-sexy-female-pirate-costume-medieval-gothicfancy-dress-s-3xl-european-american-plus-size\/#breadcrumb"},"inLanguage":"en-US","potentialAction":[{"@type":"ReadAction","target":["https:\/\/halloweenboss.com\/index.php\/product\/halloween-carnival-role-play-caribbean-sexy-female-pirate-costume-medieval-gothicfancy-dress-s-3xl-european-american-plus-size\/"]}]},{"@type":"ImageObject","inLanguage":"en-US","@id":"https:\/\/halloweenboss.com\/index.php\/product\/halloween-carnival-role-play-caribbean-sexy-female-pirate-costume-medieval-gothicfancy-dress-s-3xl-european-american-plus-size\/#primaryimage","url":"https:\/\/ae01.alicdn.com\/kf\/S48a114ca8e084b50a7da5ba17c2c4272T\/Halloween-Carnival-Role-Play-Caribbean-Sexy-Female-Pirate-Costume-Medieval-GothicFancy-Dress-S-3XL-European-American.jpg","contentUrl":"https:\/\/ae01.alicdn.com\/kf\/S48a114ca8e084b50a7da5ba17c2c4272T\/Halloween-Carnival-Role-Play-Caribbean-Sexy-Female-Pirate-Costume-Medieval-GothicFancy-Dress-S-3XL-European-American.jpg","width":800,"height":800},{"@type":"BreadcrumbList","@id":"https:\/\/halloweenboss.com\/index.php\/product\/halloween-carnival-role-play-caribbean-sexy-female-pirate-costume-medieval-gothicfancy-dress-s-3xl-european-american-plus-size\/#breadcrumb","itemListElement":[{"@type":"ListItem","position":1,"name":"Home","item":"https:\/\/halloweenboss.com\/"},{"@type":"ListItem","position":2,"name":"Shop","item":"https:\/\/halloweenboss.com\/index.php\/shop\/"},{"@type":"ListItem","position":3,"name":"Halloween Carnival Role Play Caribbean Sexy Female Pirate Costume Medieval GothicFancy Dress S-3XL European American Plus Size"}]},{"@type":"WebSite","@id":"https:\/\/halloweenboss.com\/#website","url":"https:\/\/halloweenboss.com\/","name":"Halloween Boss","description":"","potentialAction":[{"@type":"SearchAction","target":{"@type":"EntryPoint","urlTemplate":"https:\/\/halloweenboss.com\/?s={search_term_string}"},"query-input":{"@type":"PropertyValueSpecification","valueRequired":true,"valueName":"search_term_string"}}],"inLanguage":"en-US"}]}},"_links":{"self":[{"href":"https:\/\/halloweenboss.com\/index.php\/wp-json\/wp\/v2\/product\/24405","targetHints":{"allow":["GET"]}}],"collection":[{"href":"https:\/\/halloweenboss.com\/index.php\/wp-json\/wp\/v2\/product"}],"about":[{"href":"https:\/\/halloweenboss.com\/index.php\/wp-json\/wp\/v2\/types\/product"}],"replies":[{"embeddable":true,"href":"https:\/\/halloweenboss.com\/index.php\/wp-json\/wp\/v2\/comments?post=24405"}],"wp:featuredmedia":[{"embeddable":true,"href":"https:\/\/halloweenboss.com\/index.php\/wp-json\/wp\/v2\/media\/24406"}],"wp:attachment":[{"href":"https:\/\/halloweenboss.com\/index.php\/wp-json\/wp\/v2\/media?parent=24405"}],"wp:term":[{"taxonomy":"product_cat","embeddable":true,"href":"https:\/\/halloweenboss.com\/index.php\/wp-json\/wp\/v2\/product_cat?post=24405"},{"taxonomy":"product_tag","embeddable":true,"href":"https:\/\/halloweenboss.com\/index.php\/wp-json\/wp\/v2\/product_tag?post=24405"}],"curies":[{"name":"wp","href":"https:\/\/api.w.org\/{rel}","templated":true}]}}